{"id":176,"date":"2021-08-16T18:28:57","date_gmt":"2021-08-16T18:28:57","guid":{"rendered":"https:\/\/jagdschule-cellerland.de\/?page_id=176"},"modified":"2024-08-13T17:11:21","modified_gmt":"2024-08-13T17:11:21","slug":"das-sind-wir","status":"publish","type":"page","link":"https:\/\/jagdschule-celler-land.de\/index.php\/das-sind-wir\/","title":{"rendered":"Das sind wir"},"content":{"rendered":"\t\t<div data-elementor-type=\"wp-page\" data-elementor-id=\"176\" class=\"elementor elementor-176\">\n\t\t\t\t\t\t<section class=\"elementor-section elementor-top-section elementor-element elementor-element-27c28d0 elementor-section-boxed elementor-section-height-default elementor-section-height-default\" data-id=\"27c28d0\" data-element_type=\"section\" data-e-type=\"section\">\n\t\t\t\t\t\t<div class=\"elementor-container elementor-column-gap-default\">\n\t\t\t\t\t<div class=\"elementor-column elementor-col-100 elementor-top-column elementor-element elementor-element-eb048ce\" data-id=\"eb048ce\" data-element_type=\"column\" data-e-type=\"column\">\n\t\t\t<div class=\"elementor-widget-wrap elementor-element-populated\">\n\t\t\t\t\t\t<div class=\"elementor-element elementor-element-8532b06 elementor-widget elementor-widget-heading\" data-id=\"8532b06\" data-element_type=\"widget\" data-e-type=\"widget\" data-widget_type=\"heading.default\">\n\t\t\t\t<div class=\"elementor-widget-container\">\n\t\t\t\t\t<h1 class=\"elementor-heading-title elementor-size-default\">Lisa Kristina Menzel<\/h1>\t\t\t\t<\/div>\n\t\t\t\t<\/div>\n\t\t\t\t\t<\/div>\n\t\t<\/div>\n\t\t\t\t\t<\/div>\n\t\t<\/section>\n\t\t\t\t<section class=\"elementor-section elementor-top-section elementor-element elementor-element-6282f6c elementor-section-boxed elementor-section-height-default elementor-section-height-default\" data-id=\"6282f6c\" data-element_type=\"section\" data-e-type=\"section\">\n\t\t\t\t\t\t<div class=\"elementor-container elementor-column-gap-default\">\n\t\t\t\t\t<div class=\"elementor-column elementor-col-50 elementor-top-column elementor-element elementor-element-6f13192\" data-id=\"6f13192\" data-element_type=\"column\" data-e-type=\"column\">\n\t\t\t<div class=\"elementor-widget-wrap elementor-element-populated\">\n\t\t\t\t\t\t<div class=\"elementor-element elementor-element-c4f80ef elementor-widget elementor-widget-image\" data-id=\"c4f80ef\" data-element_type=\"widget\" data-e-type=\"widget\" data-widget_type=\"image.default\">\n\t\t\t\t<div class=\"elementor-widget-container\">\n\t\t\t\t\t\t\t\t\t\t\t\t\t\t\t<img fetchpriority=\"high\" decoding=\"async\" width=\"640\" height=\"960\" src=\"https:\/\/jagdschule-celler-land.de\/wp-content\/uploads\/2024\/08\/1000110279.jpeg\" class=\"attachment-large size-large wp-image-945\" alt=\"\" srcset=\"https:\/\/jagdschule-celler-land.de\/wp-content\/uploads\/2024\/08\/1000110279.jpeg 683w, https:\/\/jagdschule-celler-land.de\/wp-content\/uploads\/2024\/08\/1000110279-200x300.jpeg 200w, https:\/\/jagdschule-celler-land.de\/wp-content\/uploads\/2024\/08\/1000110279-600x900.jpeg 600w\" sizes=\"(max-width: 640px) 100vw, 640px\" \/>\t\t\t\t\t\t\t\t\t\t\t\t\t\t\t<\/div>\n\t\t\t\t<\/div>\n\t\t\t\t\t<\/div>\n\t\t<\/div>\n\t\t\t\t<div class=\"elementor-column elementor-col-50 elementor-top-column elementor-element elementor-element-d3c889b\" data-id=\"d3c889b\" data-element_type=\"column\" data-e-type=\"column\">\n\t\t\t<div class=\"elementor-widget-wrap elementor-element-populated\">\n\t\t\t\t\t\t<div class=\"elementor-element elementor-element-7284801 elementor-widget elementor-widget-text-editor\" data-id=\"7284801\" data-element_type=\"widget\" data-e-type=\"widget\" data-widget_type=\"text-editor.default\">\n\t\t\t\t<div class=\"elementor-widget-container\">\n\t\t\t\t\t\t\t\t\t<p>Hallo,\u00a0<\/p><p>\u00a0<\/p><p>\u00a0<\/p><p>ich bin Lisa, Inhaberin der Jagdschule Celler Land und ich garantiere Ihnen eine erstklassige Ausbildung zum gr\u00fcnen Abitur.\u00a0<\/p><p>\u00a0<\/p><p>\u00a0<\/p><p>F\u00fcr mich steht Waidgerechtigkeit und Tradition bei der Jagd an erster Stelle.<\/p><p>F\u00fcr mich steht Waidgerechtigkeit und Tradition bei der Jagd an erster Stelle.<\/p><p>Mein Opa war selbst passionierter J\u00e4ger und gab sein Wissen und seine Erfahrung schon fr\u00fch an mich weiter.<\/p><p>Jagd ist nicht nur das Ziel zum Schuss zu kommen, es ist weitaus mehr. Wir J\u00e4ger tragen eine gro\u00dfe Verantwortung der Natur gegen\u00fcber und m\u00fcssen mit dieser Verantwortung sensibel umgehen.<\/p><p>Zusammen mit meiner DD H\u00fcndin Kira lebe ich die Jagd jeden Tag, Angefangen vom t\u00e4glichen Spaziergang durch das Revier, bis hin zur Dr\u00fcckjagd im Winter, sie begleitet mich immer.<\/p><p>Da mir sehr wichtig ist, dass Sie nach Abschluss der Pr\u00fcfung J\u00e4ger oder J\u00e4gerinnen sind und nicht nur Jagdscheininhaber, vermitteln wir Ihnen professionell und mit Leidenschaft alle Fachbereiche der Jagd.<\/p><p>\u00a0<\/p><p>\u00a0<\/p><p>Nach bestandener Pr\u00fcfung sind wir weiterhin f\u00fcr Sie da. Sie haben die M\u00f6glichkeit ein breites Angebot an Seminaren zu besuchen, mit uns Jagen zu gehen oder uns zu Dr\u00fcckjagden zu begleiten.<\/p><p>\u00a0<\/p><p>\u00a0<\/p><p>Horrido und Waidmannsheil<\/p><p>\u00a0<\/p><p>\u00a0<\/p><p>Eure Lisa<\/p>\t\t\t\t\t\t\t\t<\/div>\n\t\t\t\t<\/div>\n\t\t\t\t\t<\/div>\n\t\t<\/div>\n\t\t\t\t\t<\/div>\n\t\t<\/section>\n\t\t\t\t<\/div>\n\t\t","protected":false},"excerpt":{"rendered":"<p>Lisa Kristina Menzel Hallo,\u00a0 \u00a0 \u00a0 ich bin Lisa, Inhaberin der Jagdschule Celler Land und ich garantiere Ihnen eine erstklassige Ausbildung zum gr\u00fcnen Abitur.\u00a0 \u00a0 [&hellip;]<\/p>\n","protected":false},"author":1,"featured_media":106,"parent":0,"menu_order":0,"comment_status":"closed","ping_status":"closed","template":"elementor_header_footer","meta":{"footnotes":""},"class_list":["post-176","page","type-page","status-publish","has-post-thumbnail","hentry"],"yoast_head":"<!-- This site is optimized with the Yoast SEO plugin v27.5 - https:\/\/yoast.com\/product\/yoast-seo-wordpress\/ -->\n<title>Das sind wir - Jagdschule Celler Land<\/title>\n<meta name=\"robots\" content=\"index, follow, max-snippet:-1, max-image-preview:large, max-video-preview:-1\" \/>\n<link rel=\"canonical\" href=\"https:\/\/jagdschule-celler-land.de\/index.php\/das-sind-wir\/\" \/>\n<meta property=\"og:locale\" content=\"de_DE\" \/>\n<meta property=\"og:type\" content=\"article\" \/>\n<meta property=\"og:title\" content=\"Das sind wir - Jagdschule Celler Land\" \/>\n<meta property=\"og:description\" content=\"Lisa Kristina Menzel Hallo,\u00a0 \u00a0 \u00a0 ich bin Lisa, Inhaberin der Jagdschule Celler Land und ich garantiere Ihnen eine erstklassige Ausbildung zum gr\u00fcnen Abitur.\u00a0 \u00a0 [&hellip;]\" \/>\n<meta property=\"og:url\" content=\"https:\/\/jagdschule-celler-land.de\/index.php\/das-sind-wir\/\" \/>\n<meta property=\"og:site_name\" content=\"Jagdschule Celler Land\" \/>\n<meta property=\"article:modified_time\" content=\"2024-08-13T17:11:21+00:00\" \/>\n<meta property=\"og:image\" content=\"https:\/\/jagdschule-celler-land.de\/wp-content\/uploads\/2021\/08\/lisaundhunde-large.jpg\" \/>\n\t<meta property=\"og:image:width\" content=\"1024\" \/>\n\t<meta property=\"og:image:height\" content=\"550\" \/>\n\t<meta property=\"og:image:type\" content=\"image\/jpeg\" \/>\n<meta name=\"twitter:card\" content=\"summary_large_image\" \/>\n<meta name=\"twitter:label1\" content=\"Gesch\u00e4tzte Lesezeit\" \/>\n\t<meta name=\"twitter:data1\" content=\"2\u00a0Minuten\" \/>\n<script type=\"application\/ld+json\" class=\"yoast-schema-graph\">{\"@context\":\"https:\\\/\\\/schema.org\",\"@graph\":[{\"@type\":\"WebPage\",\"@id\":\"https:\\\/\\\/jagdschule-celler-land.de\\\/index.php\\\/das-sind-wir\\\/\",\"url\":\"https:\\\/\\\/jagdschule-celler-land.de\\\/index.php\\\/das-sind-wir\\\/\",\"name\":\"Das sind wir - Jagdschule Celler Land\",\"isPartOf\":{\"@id\":\"https:\\\/\\\/jagdschule-celler-land.de\\\/#website\"},\"primaryImageOfPage\":{\"@id\":\"https:\\\/\\\/jagdschule-celler-land.de\\\/index.php\\\/das-sind-wir\\\/#primaryimage\"},\"image\":{\"@id\":\"https:\\\/\\\/jagdschule-celler-land.de\\\/index.php\\\/das-sind-wir\\\/#primaryimage\"},\"thumbnailUrl\":\"https:\\\/\\\/jagdschule-celler-land.de\\\/wp-content\\\/uploads\\\/2021\\\/08\\\/lisaundhunde-large.jpg\",\"datePublished\":\"2021-08-16T18:28:57+00:00\",\"dateModified\":\"2024-08-13T17:11:21+00:00\",\"breadcrumb\":{\"@id\":\"https:\\\/\\\/jagdschule-celler-land.de\\\/index.php\\\/das-sind-wir\\\/#breadcrumb\"},\"inLanguage\":\"de\",\"potentialAction\":[{\"@type\":\"ReadAction\",\"target\":[\"https:\\\/\\\/jagdschule-celler-land.de\\\/index.php\\\/das-sind-wir\\\/\"]}]},{\"@type\":\"ImageObject\",\"inLanguage\":\"de\",\"@id\":\"https:\\\/\\\/jagdschule-celler-land.de\\\/index.php\\\/das-sind-wir\\\/#primaryimage\",\"url\":\"https:\\\/\\\/jagdschule-celler-land.de\\\/wp-content\\\/uploads\\\/2021\\\/08\\\/lisaundhunde-large.jpg\",\"contentUrl\":\"https:\\\/\\\/jagdschule-celler-land.de\\\/wp-content\\\/uploads\\\/2021\\\/08\\\/lisaundhunde-large.jpg\",\"width\":1024,\"height\":550},{\"@type\":\"BreadcrumbList\",\"@id\":\"https:\\\/\\\/jagdschule-celler-land.de\\\/index.php\\\/das-sind-wir\\\/#breadcrumb\",\"itemListElement\":[{\"@type\":\"ListItem\",\"position\":1,\"name\":\"Startseite\",\"item\":\"https:\\\/\\\/jagdschule-celler-land.de\\\/\"},{\"@type\":\"ListItem\",\"position\":2,\"name\":\"Das sind wir\"}]},{\"@type\":\"WebSite\",\"@id\":\"https:\\\/\\\/jagdschule-celler-land.de\\\/#website\",\"url\":\"https:\\\/\\\/jagdschule-celler-land.de\\\/\",\"name\":\"Jagdschule Celler Land\",\"description\":\"Ihr kompetenter Partner auf dem Weg zum Jagdschein\",\"publisher\":{\"@id\":\"https:\\\/\\\/jagdschule-celler-land.de\\\/#organization\"},\"potentialAction\":[{\"@type\":\"SearchAction\",\"target\":{\"@type\":\"EntryPoint\",\"urlTemplate\":\"https:\\\/\\\/jagdschule-celler-land.de\\\/?s={search_term_string}\"},\"query-input\":{\"@type\":\"PropertyValueSpecification\",\"valueRequired\":true,\"valueName\":\"search_term_string\"}}],\"inLanguage\":\"de\"},{\"@type\":\"Organization\",\"@id\":\"https:\\\/\\\/jagdschule-celler-land.de\\\/#organization\",\"name\":\"Jagdschule Celler Land\",\"url\":\"https:\\\/\\\/jagdschule-celler-land.de\\\/\",\"logo\":{\"@type\":\"ImageObject\",\"inLanguage\":\"de\",\"@id\":\"https:\\\/\\\/jagdschule-celler-land.de\\\/#\\\/schema\\\/logo\\\/image\\\/\",\"url\":\"https:\\\/\\\/jagdschule-celler-land.de\\\/wp-content\\\/uploads\\\/2021\\\/12\\\/logo_jagdschulecellerland_96x114.png\",\"contentUrl\":\"https:\\\/\\\/jagdschule-celler-land.de\\\/wp-content\\\/uploads\\\/2021\\\/12\\\/logo_jagdschulecellerland_96x114.png\",\"width\":96,\"height\":116,\"caption\":\"Jagdschule Celler Land\"},\"image\":{\"@id\":\"https:\\\/\\\/jagdschule-celler-land.de\\\/#\\\/schema\\\/logo\\\/image\\\/\"}}]}<\/script>\n<!-- \/ Yoast SEO plugin. -->","yoast_head_json":{"title":"Das sind wir - Jagdschule Celler Land","robots":{"index":"index","follow":"follow","max-snippet":"max-snippet:-1","max-image-preview":"max-image-preview:large","max-video-preview":"max-video-preview:-1"},"canonical":"https:\/\/jagdschule-celler-land.de\/index.php\/das-sind-wir\/","og_locale":"de_DE","og_type":"article","og_title":"Das sind wir - Jagdschule Celler Land","og_description":"Lisa Kristina Menzel Hallo,\u00a0 \u00a0 \u00a0 ich bin Lisa, Inhaberin der Jagdschule Celler Land und ich garantiere Ihnen eine erstklassige Ausbildung zum gr\u00fcnen Abitur.\u00a0 \u00a0 [&hellip;]","og_url":"https:\/\/jagdschule-celler-land.de\/index.php\/das-sind-wir\/","og_site_name":"Jagdschule Celler Land","article_modified_time":"2024-08-13T17:11:21+00:00","og_image":[{"width":1024,"height":550,"url":"https:\/\/jagdschule-celler-land.de\/wp-content\/uploads\/2021\/08\/lisaundhunde-large.jpg","type":"image\/jpeg"}],"twitter_card":"summary_large_image","twitter_misc":{"Gesch\u00e4tzte Lesezeit":"2\u00a0Minuten"},"schema":{"@context":"https:\/\/schema.org","@graph":[{"@type":"WebPage","@id":"https:\/\/jagdschule-celler-land.de\/index.php\/das-sind-wir\/","url":"https:\/\/jagdschule-celler-land.de\/index.php\/das-sind-wir\/","name":"Das sind wir - Jagdschule Celler Land","isPartOf":{"@id":"https:\/\/jagdschule-celler-land.de\/#website"},"primaryImageOfPage":{"@id":"https:\/\/jagdschule-celler-land.de\/index.php\/das-sind-wir\/#primaryimage"},"image":{"@id":"https:\/\/jagdschule-celler-land.de\/index.php\/das-sind-wir\/#primaryimage"},"thumbnailUrl":"https:\/\/jagdschule-celler-land.de\/wp-content\/uploads\/2021\/08\/lisaundhunde-large.jpg","datePublished":"2021-08-16T18:28:57+00:00","dateModified":"2024-08-13T17:11:21+00:00","breadcrumb":{"@id":"https:\/\/jagdschule-celler-land.de\/index.php\/das-sind-wir\/#breadcrumb"},"inLanguage":"de","potentialAction":[{"@type":"ReadAction","target":["https:\/\/jagdschule-celler-land.de\/index.php\/das-sind-wir\/"]}]},{"@type":"ImageObject","inLanguage":"de","@id":"https:\/\/jagdschule-celler-land.de\/index.php\/das-sind-wir\/#primaryimage","url":"https:\/\/jagdschule-celler-land.de\/wp-content\/uploads\/2021\/08\/lisaundhunde-large.jpg","contentUrl":"https:\/\/jagdschule-celler-land.de\/wp-content\/uploads\/2021\/08\/lisaundhunde-large.jpg","width":1024,"height":550},{"@type":"BreadcrumbList","@id":"https:\/\/jagdschule-celler-land.de\/index.php\/das-sind-wir\/#breadcrumb","itemListElement":[{"@type":"ListItem","position":1,"name":"Startseite","item":"https:\/\/jagdschule-celler-land.de\/"},{"@type":"ListItem","position":2,"name":"Das sind wir"}]},{"@type":"WebSite","@id":"https:\/\/jagdschule-celler-land.de\/#website","url":"https:\/\/jagdschule-celler-land.de\/","name":"Jagdschule Celler Land","description":"Ihr kompetenter Partner auf dem Weg zum Jagdschein","publisher":{"@id":"https:\/\/jagdschule-celler-land.de\/#organization"},"potentialAction":[{"@type":"SearchAction","target":{"@type":"EntryPoint","urlTemplate":"https:\/\/jagdschule-celler-land.de\/?s={search_term_string}"},"query-input":{"@type":"PropertyValueSpecification","valueRequired":true,"valueName":"search_term_string"}}],"inLanguage":"de"},{"@type":"Organization","@id":"https:\/\/jagdschule-celler-land.de\/#organization","name":"Jagdschule Celler Land","url":"https:\/\/jagdschule-celler-land.de\/","logo":{"@type":"ImageObject","inLanguage":"de","@id":"https:\/\/jagdschule-celler-land.de\/#\/schema\/logo\/image\/","url":"https:\/\/jagdschule-celler-land.de\/wp-content\/uploads\/2021\/12\/logo_jagdschulecellerland_96x114.png","contentUrl":"https:\/\/jagdschule-celler-land.de\/wp-content\/uploads\/2021\/12\/logo_jagdschulecellerland_96x114.png","width":96,"height":116,"caption":"Jagdschule Celler Land"},"image":{"@id":"https:\/\/jagdschule-celler-land.de\/#\/schema\/logo\/image\/"}}]}},"jetpack_sharing_enabled":true,"_links":{"self":[{"href":"https:\/\/jagdschule-celler-land.de\/index.php\/wp-json\/wp\/v2\/pages\/176","targetHints":{"allow":["GET"]}}],"collection":[{"href":"https:\/\/jagdschule-celler-land.de\/index.php\/wp-json\/wp\/v2\/pages"}],"about":[{"href":"https:\/\/jagdschule-celler-land.de\/index.php\/wp-json\/wp\/v2\/types\/page"}],"author":[{"embeddable":true,"href":"https:\/\/jagdschule-celler-land.de\/index.php\/wp-json\/wp\/v2\/users\/1"}],"replies":[{"embeddable":true,"href":"https:\/\/jagdschule-celler-land.de\/index.php\/wp-json\/wp\/v2\/comments?post=176"}],"version-history":[{"count":46,"href":"https:\/\/jagdschule-celler-land.de\/index.php\/wp-json\/wp\/v2\/pages\/176\/revisions"}],"predecessor-version":[{"id":951,"href":"https:\/\/jagdschule-celler-land.de\/index.php\/wp-json\/wp\/v2\/pages\/176\/revisions\/951"}],"wp:featuredmedia":[{"embeddable":true,"href":"https:\/\/jagdschule-celler-land.de\/index.php\/wp-json\/wp\/v2\/media\/106"}],"wp:attachment":[{"href":"https:\/\/jagdschule-celler-land.de\/index.php\/wp-json\/wp\/v2\/media?parent=176"}],"curies":[{"name":"wp","href":"https:\/\/api.w.org\/{rel}","templated":true}]}}